{"id":88,"date":"2014-11-20T11:39:21","date_gmt":"2014-11-20T11:39:21","guid":{"rendered":"http:\/\/www.morey-abogados.com\/?page_id=88"},"modified":"2015-04-23T07:32:18","modified_gmt":"2015-04-23T07:32:18","slug":"derecho-mercantil-y-concursal","status":"publish","type":"page","link":"http:\/\/www.morey-abogados.com\/?page_id=88","title":{"rendered":"Derecho Mercantil y Concursal"},"content":{"rendered":"<p style=\"text-align: justify;\">Se dispone de amplia experiencia en asesoramiento jur\u00eddico y pr\u00e1ctica judicial relacionada con el Derecho mercantil y concursal.<\/p>\n<p>Destacando la especializaci\u00f3n en:<\/p>\n<p style=\"text-align: justify; padding-left: 30px;\">&#8211; Constituci\u00f3n de empresas por personas f\u00edsicas.<\/p>\n<p style=\"text-align: justify; padding-left: 30px;\">&#8211; Constituci\u00f3n de S.L., S.A., etc.<\/p>\n<p style=\"text-align: justify; padding-left: 30px;\">&#8211; Fusiones, escisiones y absorciones de Compa\u00f1\u00edas.<\/p>\n<p style=\"text-align: justify; padding-left: 30px;\">&#8211; Estudio y preparaci\u00f3n de Sociedades holding patrimoniales.<\/p>\n<p style=\"text-align: justify; padding-left: 30px;\">&#8211; Empresas familiares. Protocolo. Estructura organizativa. Transmisi\u00f3n<\/p>\n<p style=\"text-align: justify; padding-left: 30px;\">&#8211; Asesoramiento jur\u00eddico continuo y actualizado<\/p>\n<p style=\"text-align: justify; padding-left: 30px;\">&#8211; Estudio y redacci\u00f3n de contratos mercantiles.<\/p>\n<p style=\"text-align: justify; padding-left: 30px;\">&#8211; Incumplimientos contractuales<\/p>\n<p style=\"text-align: justify; padding-left: 30px;\">&#8211; Concurso de acreedores<\/p>\n<p style=\"text-align: justify; padding-left: 30px;\">&#8211; Propiedad intelectual e industrial (patentes y marcas)<\/p>\n<p style=\"text-align: justify; padding-left: 30px;\">&#8211; Publicidad y competencia<\/p>\n<p style=\"text-align: justify; padding-left: 30px;\">&#8211; En general todo lo relacionado con el tr\u00e1fico mercantil de las empresas.<\/p>\n","protected":false},"excerpt":{"rendered":"<p>Se dispone de amplia experiencia en asesoramiento jur\u00eddico y pr\u00e1ctica judicial relacionada con el Derecho mercantil y concursal. Destacando la especializaci\u00f3n en: &#8211; Constituci\u00f3n de empresas por personas f\u00edsicas. &#8211; Constituci\u00f3n de S.L., S.A., etc. &#8211; Fusiones, escisiones y absorciones<\/p>\n","protected":false},"author":1,"featured_media":0,"parent":80,"menu_order":5,"comment_status":"closed","ping_status":"open","template":"","meta":{"footnotes":""},"class_list":["post-88","page","type-page","status-publish","hentry"],"_links":{"self":[{"href":"http:\/\/www.morey-abogados.com\/index.php?rest_route=\/wp\/v2\/pages\/88","targetHints":{"allow":["GET"]}}],"collection":[{"href":"http:\/\/www.morey-abogados.com\/index.php?rest_route=\/wp\/v2\/pages"}],"about":[{"href":"http:\/\/www.morey-abogados.com\/index.php?rest_route=\/wp\/v2\/types\/page"}],"author":[{"embeddable":true,"href":"http:\/\/www.morey-abogados.com\/index.php?rest_route=\/wp\/v2\/users\/1"}],"replies":[{"embeddable":true,"href":"http:\/\/www.morey-abogados.com\/index.php?rest_route=%2Fwp%2Fv2%2Fcomments&post=88"}],"version-history":[{"count":4,"href":"http:\/\/www.morey-abogados.com\/index.php?rest_route=\/wp\/v2\/pages\/88\/revisions"}],"predecessor-version":[{"id":253,"href":"http:\/\/www.morey-abogados.com\/index.php?rest_route=\/wp\/v2\/pages\/88\/revisions\/253"}],"up":[{"embeddable":true,"href":"http:\/\/www.morey-abogados.com\/index.php?rest_route=\/wp\/v2\/pages\/80"}],"wp:attachment":[{"href":"http:\/\/www.morey-abogados.com\/index.php?rest_route=%2Fwp%2Fv2%2Fmedia&parent=88"}],"curies":[{"name":"wp","href":"https:\/\/api.w.org\/{rel}","templated":true}]}}