{"id":86,"date":"2014-11-20T11:38:51","date_gmt":"2014-11-20T11:38:51","guid":{"rendered":"http:\/\/www.morey-abogados.com\/?page_id=86"},"modified":"2015-04-22T21:01:51","modified_gmt":"2015-04-22T21:01:51","slug":"derecho-laboral","status":"publish","type":"page","link":"http:\/\/www.morey-abogados.com\/?page_id=86","title":{"rendered":"Derecho Laboral"},"content":{"rendered":"<p style=\"text-align: justify;\">Dentro del \u00e1rea del Derecho Laboral y de la Seguridad Social contamos con una amplia experiencia asesorando tanto a empresas como a colectivos de trabajadores. Gestionando y tramitando los procedimientos en v\u00eda administrativa y social, as\u00ed como realizando la defensa en juicio.<\/p>\n<p style=\"text-align: justify; padding-left: 30px;\">En esta especialidad destacamos las siguientes materias:<\/p>\n<p style=\"text-align: justify; padding-left: 30px;\">*La extinci\u00f3n de la relaci\u00f3n laboral en sus diferentes vertientes (Despidos, Ceses y Dimisi\u00f3n).<\/p>\n<p style=\"text-align: justify; padding-left: 30px;\">*Modificaciones sustanciales de las condiciones de trabajo (jornada, horarios y retribuciones).<\/p>\n<p style=\"text-align: justify; padding-left: 30px;\">*Reclamaciones de cantidad (impago de salarios) y finiquitos.<\/p>\n<p style=\"text-align: justify; padding-left: 30px;\">*Reconocimiento de Derechos.<\/p>\n<p style=\"text-align: justify; padding-left: 30px;\">*Conflictos Colectivos.<\/p>\n<p style=\"text-align: justify; padding-left: 30px;\">*Cesi\u00f3n Ilegal de Trabajadores.<\/p>\n<p style=\"text-align: justify; padding-left: 30px;\">*Accidentes Laborales.<\/p>\n<p style=\"text-align: justify; padding-left: 30px;\">*Movilidad (funcional y geogr\u00e1fica).<\/p>\n<p style=\"text-align: justify; padding-left: 30px;\">*Vacaciones.<\/p>\n<p style=\"text-align: justify; padding-left: 30px;\">En el \u00e1mbito de la Seguridad Social tambi\u00e9n hemos de destacar la tramitaci\u00f3n de las siguientes materias:<\/p>\n<p style=\"text-align: justify; padding-left: 30px;\">*Accidentes de Trabajo y Enfermedades Profesionales.<\/p>\n<p style=\"text-align: justify; padding-left: 30px;\">*Incapacidades (ya sean temporales o permanentes en sus diferentes grados).<\/p>\n<p style=\"text-align: justify; padding-left: 30px;\">*Prestaciones ( viudedad, orfandad\u2026).<\/p>\n<p style=\"text-align: justify; padding-left: 30px;\">En esta \u00e1rea intervienen los siguientes Letrados: D\u00aa. Laura Carrasco M\u00e9ndiz y D.Vicente J. Vidal Aras.<\/p>\n","protected":false},"excerpt":{"rendered":"<p>Dentro del \u00e1rea del Derecho Laboral y de la Seguridad Social contamos con una amplia experiencia asesorando tanto a empresas como a colectivos de trabajadores. Gestionando y tramitando los procedimientos en v\u00eda administrativa y social, as\u00ed como realizando la defensa<\/p>\n","protected":false},"author":1,"featured_media":0,"parent":80,"menu_order":4,"comment_status":"closed","ping_status":"open","template":"","meta":{"footnotes":""},"class_list":["post-86","page","type-page","status-publish","hentry"],"_links":{"self":[{"href":"http:\/\/www.morey-abogados.com\/index.php?rest_route=\/wp\/v2\/pages\/86","targetHints":{"allow":["GET"]}}],"collection":[{"href":"http:\/\/www.morey-abogados.com\/index.php?rest_route=\/wp\/v2\/pages"}],"about":[{"href":"http:\/\/www.morey-abogados.com\/index.php?rest_route=\/wp\/v2\/types\/page"}],"author":[{"embeddable":true,"href":"http:\/\/www.morey-abogados.com\/index.php?rest_route=\/wp\/v2\/users\/1"}],"replies":[{"embeddable":true,"href":"http:\/\/www.morey-abogados.com\/index.php?rest_route=%2Fwp%2Fv2%2Fcomments&post=86"}],"version-history":[{"count":5,"href":"http:\/\/www.morey-abogados.com\/index.php?rest_route=\/wp\/v2\/pages\/86\/revisions"}],"predecessor-version":[{"id":246,"href":"http:\/\/www.morey-abogados.com\/index.php?rest_route=\/wp\/v2\/pages\/86\/revisions\/246"}],"up":[{"embeddable":true,"href":"http:\/\/www.morey-abogados.com\/index.php?rest_route=\/wp\/v2\/pages\/80"}],"wp:attachment":[{"href":"http:\/\/www.morey-abogados.com\/index.php?rest_route=%2Fwp%2Fv2%2Fmedia&parent=86"}],"curies":[{"name":"wp","href":"https:\/\/api.w.org\/{rel}","templated":true}]}}