{"id":84,"date":"2014-11-20T11:38:28","date_gmt":"2014-11-20T11:38:28","guid":{"rendered":"http:\/\/www.morey-abogados.com\/?page_id=84"},"modified":"2015-04-22T21:01:37","modified_gmt":"2015-04-22T21:01:37","slug":"derecho-penal","status":"publish","type":"page","link":"http:\/\/www.morey-abogados.com\/?page_id=84","title":{"rendered":"Derecho Penal"},"content":{"rendered":"<p style=\"text-align: justify;\">Amplia experiencia tambi\u00e9n en el Derecho Penal. Principalmente en las siguientes materias:<\/p>\n<p style=\"text-align: justify;\">-Delitos contra el medioambiente, especialmente en la modalidad de contaminaci\u00f3n ac\u00fastica.<\/p>\n<p style=\"text-align: justify;\">-Delitos socio econ\u00f3micos (Estafas; Apropiaciones indebidas; Insolvencias Punibles, etc).<\/p>\n<p style=\"text-align: justify;\">-Intrusismo profesional.<\/p>\n<p style=\"text-align: justify;\">-Delitos cometidos por cargos p\u00fablicos: prevaricaci\u00f3n, cohecho, etc.<\/p>\n<p style=\"text-align: justify;\">-Juicios de Faltas<\/p>\n<p style=\"text-align: justify;\">-Accidentes de tr\u00e1fico.<\/p>\n<p style=\"text-align: justify;\">Los Letrados que intervienen en esta \u00e1rea son: D. Vicente J. Vidal Aras; D. Victor Carrasco M\u00e9ndiz y D\u00aa. Silvia B\u00fardalo Rapa.<\/p>\n","protected":false},"excerpt":{"rendered":"<p>Amplia experiencia tambi\u00e9n en el Derecho Penal. Principalmente en las siguientes materias: -Delitos contra el medioambiente, especialmente en la modalidad de contaminaci\u00f3n ac\u00fastica. -Delitos socio econ\u00f3micos (Estafas; Apropiaciones indebidas; Insolvencias Punibles, etc). -Intrusismo profesional. -Delitos cometidos por cargos p\u00fablicos: prevaricaci\u00f3n,<\/p>\n","protected":false},"author":1,"featured_media":0,"parent":80,"menu_order":3,"comment_status":"closed","ping_status":"open","template":"","meta":{"footnotes":""},"class_list":["post-84","page","type-page","status-publish","hentry"],"_links":{"self":[{"href":"http:\/\/www.morey-abogados.com\/index.php?rest_route=\/wp\/v2\/pages\/84","targetHints":{"allow":["GET"]}}],"collection":[{"href":"http:\/\/www.morey-abogados.com\/index.php?rest_route=\/wp\/v2\/pages"}],"about":[{"href":"http:\/\/www.morey-abogados.com\/index.php?rest_route=\/wp\/v2\/types\/page"}],"author":[{"embeddable":true,"href":"http:\/\/www.morey-abogados.com\/index.php?rest_route=\/wp\/v2\/users\/1"}],"replies":[{"embeddable":true,"href":"http:\/\/www.morey-abogados.com\/index.php?rest_route=%2Fwp%2Fv2%2Fcomments&post=84"}],"version-history":[{"count":2,"href":"http:\/\/www.morey-abogados.com\/index.php?rest_route=\/wp\/v2\/pages\/84\/revisions"}],"predecessor-version":[{"id":251,"href":"http:\/\/www.morey-abogados.com\/index.php?rest_route=\/wp\/v2\/pages\/84\/revisions\/251"}],"up":[{"embeddable":true,"href":"http:\/\/www.morey-abogados.com\/index.php?rest_route=\/wp\/v2\/pages\/80"}],"wp:attachment":[{"href":"http:\/\/www.morey-abogados.com\/index.php?rest_route=%2Fwp%2Fv2%2Fmedia&parent=84"}],"curies":[{"name":"wp","href":"https:\/\/api.w.org\/{rel}","templated":true}]}}