{"id":82,"date":"2014-11-20T11:37:52","date_gmt":"2014-11-20T11:37:52","guid":{"rendered":"http:\/\/www.morey-abogados.com\/?page_id=82"},"modified":"2015-05-04T11:51:37","modified_gmt":"2015-05-04T11:51:37","slug":"derecho-civil","status":"publish","type":"page","link":"http:\/\/www.morey-abogados.com\/?page_id=82","title":{"rendered":"Derecho Civil"},"content":{"rendered":"<p style=\"text-align: justify;\">Perfectamente conocedores de esta jurisdicci\u00f3n, hemos intervenido en todo tipo de procedimientos civiles, debiendo destacar los siguientes:<\/p>\n<p style=\"text-align: justify;\">-Procedimientos por vulneraci\u00f3n de derechos fundamentales y de protecci\u00f3n contra la contaminaci\u00f3n ac\u00fastica: Siendo referentes en materia de contaminaci\u00f3n ac\u00fastica, dicho problema lo podemos abordar desde una triple perspectiva (administrativa, civil y\/o penal).<\/p>\n<p style=\"text-align: justify;\">-Propiedad Horizontal y Arrendamientos Urbanos: Especialistas en la resoluci\u00f3n de los m\u00faltiples conflictos que se suscitan en el seno de una comunidad de propietarios, as\u00ed como de los derivados de arrendamientos urbanos.<\/p>\n<p style=\"text-align: justify;\">-Familia: Divorcios, modificaciones de medidas, reclamaci\u00f3n de pensiones, herencias, liquidaciones de sociedades gananciales, etc.<\/p>\n<p style=\"text-align: justify;\">-Bancario: Especializados en demandas contra entidades bancarias. Participaciones preferentes, obligaciones subordinadas cl\u00e1usulas abusivas, acciones, etc.<\/p>\n<p style=\"text-align: justify;\">-Reclamaciones de cantidad. Impagados. Cambiarios (reclamaciones de cheques y pagar\u00e9s). Incumplimiento de obligaciones y contratos.<\/p>\n<p style=\"text-align: justify;\">-Reclamaciones por da\u00f1os.<\/p>\n<p style=\"text-align: justify;\">-Divisi\u00f3n judicial de patrimonios.<\/p>\n<p style=\"text-align: justify;\">-Responsabilidad Civil.<\/p>\n<p style=\"text-align: justify;\">-Derecho de la Construcci\u00f3n: Reclamaciones por da\u00f1os causados por defectos en la construcci\u00f3n.<\/p>\n<p style=\"text-align: justify;\">-Incumplimientos contractuales. Reclamaciones por publicidad enga\u00f1osa e incumplimientos de caracter\u00edsticas y ubicaciones de viviendas o apartamentos.<\/p>\n<p style=\"text-align: justify;\">-Reclamaci\u00f3n de Indemnizaciones.<\/p>\n<p style=\"text-align: justify;\">-Negligencias m\u00e9dicas.<\/p>\n<p style=\"text-align: justify;\">-Juicios Monitorios.<\/p>\n<p style=\"text-align: justify;\">Los Letrados que intervienen en esta \u00e1rea son: D. Andr\u00e9s Morey Navarro; D. Vicente J. Vidal Aras; D. Victor Carrasco M\u00e9ndiz y D\u00aa. Silvia B\u00fardalo Rapa.<\/p>\n","protected":false},"excerpt":{"rendered":"<p>Perfectamente conocedores de esta jurisdicci\u00f3n, hemos intervenido en todo tipo de procedimientos civiles, debiendo destacar los siguientes: -Procedimientos por vulneraci\u00f3n de derechos fundamentales y de protecci\u00f3n contra la contaminaci\u00f3n ac\u00fastica: Siendo referentes en materia de contaminaci\u00f3n ac\u00fastica, dicho problema lo<\/p>\n","protected":false},"author":1,"featured_media":0,"parent":80,"menu_order":2,"comment_status":"closed","ping_status":"open","template":"","meta":{"footnotes":""},"class_list":["post-82","page","type-page","status-publish","hentry"],"_links":{"self":[{"href":"http:\/\/www.morey-abogados.com\/index.php?rest_route=\/wp\/v2\/pages\/82","targetHints":{"allow":["GET"]}}],"collection":[{"href":"http:\/\/www.morey-abogados.com\/index.php?rest_route=\/wp\/v2\/pages"}],"about":[{"href":"http:\/\/www.morey-abogados.com\/index.php?rest_route=\/wp\/v2\/types\/page"}],"author":[{"embeddable":true,"href":"http:\/\/www.morey-abogados.com\/index.php?rest_route=\/wp\/v2\/users\/1"}],"replies":[{"embeddable":true,"href":"http:\/\/www.morey-abogados.com\/index.php?rest_route=%2Fwp%2Fv2%2Fcomments&post=82"}],"version-history":[{"count":4,"href":"http:\/\/www.morey-abogados.com\/index.php?rest_route=\/wp\/v2\/pages\/82\/revisions"}],"predecessor-version":[{"id":340,"href":"http:\/\/www.morey-abogados.com\/index.php?rest_route=\/wp\/v2\/pages\/82\/revisions\/340"}],"up":[{"embeddable":true,"href":"http:\/\/www.morey-abogados.com\/index.php?rest_route=\/wp\/v2\/pages\/80"}],"wp:attachment":[{"href":"http:\/\/www.morey-abogados.com\/index.php?rest_route=%2Fwp%2Fv2%2Fmedia&parent=82"}],"curies":[{"name":"wp","href":"https:\/\/api.w.org\/{rel}","templated":true}]}}