{"id":8,"date":"2014-10-14T16:18:57","date_gmt":"2014-10-14T16:18:57","guid":{"rendered":"http:\/\/www.morey-abogados.com\/?page_id=8"},"modified":"2015-02-06T12:47:59","modified_gmt":"2015-02-06T12:47:59","slug":"presentacion","status":"publish","type":"page","link":"http:\/\/www.morey-abogados.com\/","title":{"rendered":"Presentaci\u00f3n"},"content":{"rendered":"<p style=\"text-align: justify;\">MOREY-ABOGADOS constituye un Despacho Jur\u00eddico multidisciplinar con especializaci\u00f3n principalmente en Derecho Administrativo y Administraci\u00f3n P\u00fablica, pero tambi\u00e9n en Derecho Laboral, Civil y Penal.<br \/>\nEl Despacho cuenta con una intensa preparaci\u00f3n en materias tales como: el ruido y la contaminaci\u00f3n ac\u00fastica; la funci\u00f3n p\u00fablica y el personal al servicio de las Administraciones P\u00fablicas; la Responsabilidad Patrimonial del sector P\u00fablico; la contrataci\u00f3n administrativa y organizaci\u00f3n de las Administraciones P\u00fablicas.<br \/>\nEn el apartado de \u201cAreas\u201d de la web se explica con m\u00e1s detalle nuestra experiencia en las distintas especialidades del Derecho, mientras que en el apartado \u201cSobre Nosotros\u201d figuran los miembros actuales del Despacho junto con una descripci\u00f3n de sus distintas especializaciones, facilitando la elecci\u00f3n del asesor cuyos servicios profesionales se puedan precisar.<br \/>\nPor otro lado, la web cuenta con un aula virtual destinada a estudiantes, funcionarios y dem\u00e1s interesados en la Administraci\u00f3n P\u00fablica en la que se insertan, estudios, an\u00e1lisis, documentos y textos desde las perspectivas de la Ciencia de la Administraci\u00f3n y otros aspectos multidisciplinares, principalmente de la Ciencia Pol\u00edtica y de la Jur\u00eddica, sin descartar otras Ciencias Sociales. Dicho apartado lo dirige D. Andr\u00e9s Morey Juan, Doctor en Derecho, a cuyo Blog de Administraci\u00f3n P\u00fablica puede accederse mediante el correspondiente enlace en la portada de nuestra Web. Los componentes del Despacho ofrecen un trato personalizado a cada cliente y una absoluta confidencialidad y discreci\u00f3n en la gesti\u00f3n de sus intereses., pudiendo establecer presupuestos cerrados una vez elegida la acci\u00f3n a emprender entre las distintas alternativas posibles.<\/p>\n","protected":false},"excerpt":{"rendered":"<p>MOREY-ABOGADOS constituye un Despacho Jur\u00eddico multidisciplinar con especializaci\u00f3n principalmente en Derecho Administrativo y Administraci\u00f3n P\u00fablica, pero tambi\u00e9n en Derecho Laboral, Civil y Penal. El Despacho cuenta con una intensa preparaci\u00f3n en materias tales como: el ruido y la contaminaci\u00f3n ac\u00fastica;<\/p>\n","protected":false},"author":1,"featured_media":0,"parent":0,"menu_order":1,"comment_status":"closed","ping_status":"open","template":"","meta":{"footnotes":""},"class_list":["post-8","page","type-page","status-publish","hentry"],"_links":{"self":[{"href":"http:\/\/www.morey-abogados.com\/index.php?rest_route=\/wp\/v2\/pages\/8","targetHints":{"allow":["GET"]}}],"collection":[{"href":"http:\/\/www.morey-abogados.com\/index.php?rest_route=\/wp\/v2\/pages"}],"about":[{"href":"http:\/\/www.morey-abogados.com\/index.php?rest_route=\/wp\/v2\/types\/page"}],"author":[{"embeddable":true,"href":"http:\/\/www.morey-abogados.com\/index.php?rest_route=\/wp\/v2\/users\/1"}],"replies":[{"embeddable":true,"href":"http:\/\/www.morey-abogados.com\/index.php?rest_route=%2Fwp%2Fv2%2Fcomments&post=8"}],"version-history":[{"count":22,"href":"http:\/\/www.morey-abogados.com\/index.php?rest_route=\/wp\/v2\/pages\/8\/revisions"}],"predecessor-version":[{"id":189,"href":"http:\/\/www.morey-abogados.com\/index.php?rest_route=\/wp\/v2\/pages\/8\/revisions\/189"}],"wp:attachment":[{"href":"http:\/\/www.morey-abogados.com\/index.php?rest_route=%2Fwp%2Fv2%2Fmedia&parent=8"}],"curies":[{"name":"wp","href":"https:\/\/api.w.org\/{rel}","templated":true}]}}